{"id":245,"date":"2022-06-08T20:28:01","date_gmt":"2022-06-08T18:28:01","guid":{"rendered":"http:\/\/www.steensens-bauernhof.de\/?page_id=245"},"modified":"2023-07-11T18:55:22","modified_gmt":"2023-07-11T16:55:22","slug":"oelmuehle","status":"publish","type":"page","link":"https:\/\/www.steensens-bauernhof.de\/index.php\/oelmuehle\/","title":{"rendered":"\u00d6lm\u00fchle"},"content":{"rendered":"\t\t<div data-elementor-type=\"wp-page\" data-elementor-id=\"245\" class=\"elementor elementor-245\" data-elementor-settings=\"[]\">\n\t\t\t\t\t\t\t<div class=\"elementor-section-wrap\">\n\t\t\t\t\t\t\t<section class=\"elementor-section elementor-top-section elementor-element elementor-element-15300d77 elementor-reverse-mobile elementor-section-boxed elementor-section-height-default elementor-section-height-default\" data-id=\"15300d77\" data-element_type=\"section\">\n\t\t\t\t\t\t<div class=\"elementor-container elementor-column-gap-default\">\n\t\t\t\t\t<div class=\"elementor-column elementor-col-50 elementor-top-column elementor-element elementor-element-4eef63c4\" data-id=\"4eef63c4\" data-element_type=\"column\">\n\t\t\t<div class=\"elementor-widget-wrap elementor-element-populated\">\n\t\t\t\t\t\t\t\t<div class=\"elementor-element elementor-element-12e5505 elementor-invisible elementor-widget elementor-widget-image\" data-id=\"12e5505\" data-element_type=\"widget\" data-settings=\"{&quot;_animation&quot;:&quot;fadeIn&quot;}\" data-widget_type=\"image.default\">\n\t\t\t\t<div class=\"elementor-widget-container\">\n\t\t\t<style>\/*! elementor - v3.5.5 - 03-02-2022 *\/\n.elementor-widget-image{text-align:center}.elementor-widget-image a{display:inline-block}.elementor-widget-image a img[src$=\".svg\"]{width:48px}.elementor-widget-image img{vertical-align:middle;display:inline-block}<\/style>\t\t\t\t\t\t\t\t\t\t\t\t<img loading=\"lazy\" decoding=\"async\" width=\"750\" height=\"1000\" src=\"https:\/\/www.steensens-bauernhof.de\/wp-content\/uploads\/2023\/06\/Oele-768x1024.jpg\" class=\"attachment-large size-large\" alt=\"\" srcset=\"https:\/\/www.steensens-bauernhof.de\/wp-content\/uploads\/2023\/06\/Oele-768x1024.jpg 768w, https:\/\/www.steensens-bauernhof.de\/wp-content\/uploads\/2023\/06\/Oele-225x300.jpg 225w, https:\/\/www.steensens-bauernhof.de\/wp-content\/uploads\/2023\/06\/Oele.jpg 920w\" sizes=\"auto, (max-width: 750px) 100vw, 750px\" style=\"width:100%;height:133.37%;max-width:920px\" \/>\t\t\t\t\t\t\t\t\t\t\t\t\t\t\t<\/div>\n\t\t\t\t<\/div>\n\t\t\t\t\t<\/div>\n\t\t<\/div>\n\t\t\t\t<div class=\"elementor-column elementor-col-50 elementor-top-column elementor-element elementor-element-3a1a7325 elementor-invisible\" data-id=\"3a1a7325\" data-element_type=\"column\" data-settings=\"{&quot;animation&quot;:&quot;fadeIn&quot;,&quot;animation_delay&quot;:300}\">\n\t\t\t<div class=\"elementor-widget-wrap elementor-element-populated\">\n\t\t\t\t\t\t\t\t<div class=\"elementor-element elementor-element-61e0e158 elementor-widget elementor-widget-heading\" data-id=\"61e0e158\" data-element_type=\"widget\" id=\"Tomatenanbau\" data-widget_type=\"heading.default\">\n\t\t\t\t<div class=\"elementor-widget-container\">\n\t\t\t<style>\/*! elementor - v3.5.5 - 03-02-2022 *\/\n.elementor-heading-title{padding:0;margin:0;line-height:1}.elementor-widget-heading .elementor-heading-title[class*=elementor-size-]>a{color:inherit;font-size:inherit;line-height:inherit}.elementor-widget-heading .elementor-heading-title.elementor-size-small{font-size:15px}.elementor-widget-heading .elementor-heading-title.elementor-size-medium{font-size:19px}.elementor-widget-heading .elementor-heading-title.elementor-size-large{font-size:29px}.elementor-widget-heading .elementor-heading-title.elementor-size-xl{font-size:39px}.elementor-widget-heading .elementor-heading-title.elementor-size-xxl{font-size:59px}<\/style><h2 class=\"elementor-heading-title elementor-size-default\">\u00d6lm\u00fchle<\/h2>\t\t<\/div>\n\t\t\t\t<\/div>\n\t\t\t\t<div class=\"elementor-element elementor-element-75cf7459 elementor-widget elementor-widget-text-editor\" data-id=\"75cf7459\" data-element_type=\"widget\" data-widget_type=\"text-editor.default\">\n\t\t\t\t<div class=\"elementor-widget-container\">\n\t\t\t<style>\/*! elementor - v3.5.5 - 03-02-2022 *\/\n.elementor-widget-text-editor.elementor-drop-cap-view-stacked .elementor-drop-cap{background-color:#818a91;color:#fff}.elementor-widget-text-editor.elementor-drop-cap-view-framed .elementor-drop-cap{color:#818a91;border:3px solid;background-color:transparent}.elementor-widget-text-editor:not(.elementor-drop-cap-view-default) .elementor-drop-cap{margin-top:8px}.elementor-widget-text-editor:not(.elementor-drop-cap-view-default) .elementor-drop-cap-letter{width:1em;height:1em}.elementor-widget-text-editor .elementor-drop-cap{float:left;text-align:center;line-height:1;font-size:50px}.elementor-widget-text-editor .elementor-drop-cap-letter{display:inline-block}<\/style>\t\t\t\t<div class=\"page\" title=\"Page 1\"><div class=\"section\"><div class=\"layoutArea\"><div class=\"column\"><p>Seit Mai 2020 pressen wir in unserer hofeigenen \u00d6lm\u00fchle Raps\u00f6l. Wir verwenden ausschlie\u00dflich Raps, der auf Ostholsteins Feldern produziert wurde. So kam die erste Charge z.B. von unserem Acker in Klostersee, was wir auf dem Etikett jeweils vermerken. <br \/><br \/>Der Raps wird bei uns schonend kaltgepresst und ohne Zus\u00e4tze gefiltert. Durch dieses Verfahren erhalten wir ein \u00d6l von hoher Qualit\u00e4t mit aromatisch nussigen Geschmack und honiggelber Farbe. <br \/><br \/>Unser Raps\u00f6l enth\u00e4lt einen hohen Anteil an mehrfach unges\u00e4ttigten Fetts\u00e4uren, u.a. die Omega 3 Fetts\u00e4ure, und es ist reich an Vitamin E. Ein gesundheitsf\u00f6rderndes, naturbelassenes Produkt, das in keiner K\u00fcche fehlen sollte.<br \/>Unser Raps\u00f6l eignet sich hervorragend f\u00fcr Marinaden und Salatdressing, aber auch zum D\u00fcnsten, Backen und Braten. <br \/><br \/>Gerne k\u00f6nnen sie unsere \u00d6lm\u00fchle bei einer unserer Hoff\u00fchrungen im Sommer besichtigen.<\/p><\/div><\/div><\/div><\/div>\t\t\t\t\t\t<\/div>\n\t\t\t\t<\/div>\n\t\t\t\t\t<\/div>\n\t\t<\/div>\n\t\t\t\t\t\t\t<\/div>\n\t\t<\/section>\n\t\t\t\t<section class=\"elementor-section elementor-top-section elementor-element elementor-element-79860c25 elementor-section-boxed elementor-section-height-default elementor-section-height-default\" data-id=\"79860c25\" data-element_type=\"section\">\n\t\t\t\t\t\t<div class=\"elementor-container elementor-column-gap-default\">\n\t\t\t\t\t<div class=\"elementor-column elementor-col-50 elementor-top-column elementor-element elementor-element-6b297e3a elementor-invisible\" data-id=\"6b297e3a\" data-element_type=\"column\" data-settings=\"{&quot;animation&quot;:&quot;fadeIn&quot;,&quot;animation_delay&quot;:300}\">\n\t\t\t<div class=\"elementor-widget-wrap elementor-element-populated\">\n\t\t\t\t\t\t\t\t<div class=\"elementor-element elementor-element-5f3f847 elementor-widget elementor-widget-heading\" data-id=\"5f3f847\" data-element_type=\"widget\" id=\"Raps\u00f6l\" data-widget_type=\"heading.default\">\n\t\t\t\t<div class=\"elementor-widget-container\">\n\t\t\t<h2 class=\"elementor-heading-title elementor-size-default\">Raps\u00f6l:<\/h2>\t\t<\/div>\n\t\t\t\t<\/div>\n\t\t\t\t<div class=\"elementor-element elementor-element-3079481c elementor-widget elementor-widget-text-editor\" data-id=\"3079481c\" data-element_type=\"widget\" data-widget_type=\"text-editor.default\">\n\t\t\t\t<div class=\"elementor-widget-container\">\n\t\t\t\t\t\t\t<p>Unser Raps\u00f6l gibt es im Automaten und Hofl\u00e4dchen pur und seit dem vergangenen Jahr auch in aromatisierter Form. Wir haben mit unserem Basilikum ein Basilikumraps\u00f6l und mit unseren eigenen Chilis ein Chiliraps\u00f6l produziert beide sind in 100 ml Flaschen abgef\u00fcllt. Ganz neu mit BioZitronen hergestellt ist unser besonders aromatisches Zitronen Raps\u00f6l, welches wir in 100 und 250 ml Flaschen im Automaten und Hofl\u00e4dchen anbieten.<\/p>\t\t\t\t\t\t<\/div>\n\t\t\t\t<\/div>\n\t\t\t\t\t<\/div>\n\t\t<\/div>\n\t\t\t\t<div class=\"elementor-column elementor-col-50 elementor-top-column elementor-element elementor-element-5144c92e\" data-id=\"5144c92e\" data-element_type=\"column\">\n\t\t\t<div class=\"elementor-widget-wrap elementor-element-populated\">\n\t\t\t\t\t\t\t\t<div class=\"elementor-element elementor-element-b97d15f elementor-invisible elementor-widget elementor-widget-image\" data-id=\"b97d15f\" data-element_type=\"widget\" data-settings=\"{&quot;_animation&quot;:&quot;fadeIn&quot;}\" data-widget_type=\"image.default\">\n\t\t\t\t<div class=\"elementor-widget-container\">\n\t\t\t\t\t\t\t\t\t\t\t\t\t\t\t<img loading=\"lazy\" decoding=\"async\" width=\"750\" height=\"563\" src=\"https:\/\/www.steensens-bauernhof.de\/wp-content\/uploads\/2023\/06\/Oelmuehle-1-1024x768.jpg\" class=\"attachment-large size-large\" alt=\"\" srcset=\"https:\/\/www.steensens-bauernhof.de\/wp-content\/uploads\/2023\/06\/Oelmuehle-1-1024x768.jpg 1024w, https:\/\/www.steensens-bauernhof.de\/wp-content\/uploads\/2023\/06\/Oelmuehle-1-300x225.jpg 300w, https:\/\/www.steensens-bauernhof.de\/wp-content\/uploads\/2023\/06\/Oelmuehle-1-768x576.jpg 768w, https:\/\/www.steensens-bauernhof.de\/wp-content\/uploads\/2023\/06\/Oelmuehle-1.jpg 1280w\" sizes=\"auto, (max-width: 750px) 100vw, 750px\" style=\"width:100%;height:75%;max-width:1280px\" \/>\t\t\t\t\t\t\t\t\t\t\t\t\t\t\t<\/div>\n\t\t\t\t<\/div>\n\t\t\t\t\t<\/div>\n\t\t<\/div>\n\t\t\t\t\t\t\t<\/div>\n\t\t<\/section>\n\t\t\t\t<section class=\"elementor-section elementor-top-section elementor-element elementor-element-2ba574d elementor-reverse-mobile elementor-section-boxed elementor-section-height-default elementor-section-height-default\" data-id=\"2ba574d\" data-element_type=\"section\">\n\t\t\t\t\t\t<div class=\"elementor-container elementor-column-gap-default\">\n\t\t\t\t\t<div class=\"elementor-column elementor-col-50 elementor-top-column elementor-element elementor-element-62aae47\" data-id=\"62aae47\" data-element_type=\"column\">\n\t\t\t<div class=\"elementor-widget-wrap elementor-element-populated\">\n\t\t\t\t\t\t\t\t<div class=\"elementor-element elementor-element-f42bcec elementor-invisible elementor-widget elementor-widget-image\" data-id=\"f42bcec\" data-element_type=\"widget\" data-settings=\"{&quot;_animation&quot;:&quot;fadeIn&quot;}\" data-widget_type=\"image.default\">\n\t\t\t\t<div class=\"elementor-widget-container\">\n\t\t\t\t\t\t\t\t\t\t\t\t\t\t\t<img loading=\"lazy\" decoding=\"async\" width=\"720\" height=\"960\" src=\"https:\/\/www.steensens-bauernhof.de\/wp-content\/uploads\/2023\/06\/Essig.jpg\" class=\"attachment-large size-large\" alt=\"\" srcset=\"https:\/\/www.steensens-bauernhof.de\/wp-content\/uploads\/2023\/06\/Essig.jpg 720w, https:\/\/www.steensens-bauernhof.de\/wp-content\/uploads\/2023\/06\/Essig-225x300.jpg 225w\" sizes=\"auto, (max-width: 720px) 100vw, 720px\" style=\"width:100%;height:133.33%;max-width:720px\" \/>\t\t\t\t\t\t\t\t\t\t\t\t\t\t\t<\/div>\n\t\t\t\t<\/div>\n\t\t\t\t\t<\/div>\n\t\t<\/div>\n\t\t\t\t<div class=\"elementor-column elementor-col-50 elementor-top-column elementor-element elementor-element-7c1849f elementor-invisible\" data-id=\"7c1849f\" data-element_type=\"column\" data-settings=\"{&quot;animation&quot;:&quot;fadeIn&quot;,&quot;animation_delay&quot;:300}\">\n\t\t\t<div class=\"elementor-widget-wrap elementor-element-populated\">\n\t\t\t\t\t\t\t\t<div class=\"elementor-element elementor-element-24ee43d elementor-widget elementor-widget-heading\" data-id=\"24ee43d\" data-element_type=\"widget\" data-widget_type=\"heading.default\">\n\t\t\t\t<div class=\"elementor-widget-container\">\n\t\t\t<h2 class=\"elementor-heading-title elementor-size-default\">passend zu unserem Raps\u00f6l:<br>Essig<\/h2>\t\t<\/div>\n\t\t\t\t<\/div>\n\t\t\t\t<div class=\"elementor-element elementor-element-a2fcee7 elementor-widget elementor-widget-text-editor\" data-id=\"a2fcee7\" data-element_type=\"widget\" data-widget_type=\"text-editor.default\">\n\t\t\t\t<div class=\"elementor-widget-container\">\n\t\t\t\t\t\t\t<div class=\"page\" title=\"Page 1\"><div class=\"section\"><div class=\"layoutArea\"><div class=\"column\"><p>Wir setzen im Sp\u00e4tsommer Himbeeren und Brombeeren mit Essig an und erhalten so zwei k\u00f6stlich, aromatische Essigversionen.<span class=\"Apple-converted-space\">\u00a0<\/span><\/p><\/div><\/div><\/div><\/div>\t\t\t\t\t\t<\/div>\n\t\t\t\t<\/div>\n\t\t\t\t\t<\/div>\n\t\t<\/div>\n\t\t\t\t\t\t\t<\/div>\n\t\t<\/section>\n\t\t\t\t<section class=\"elementor-section elementor-top-section elementor-element elementor-element-1c66c11 elementor-section-boxed elementor-section-height-default elementor-section-height-default\" data-id=\"1c66c11\" data-element_type=\"section\">\n\t\t\t\t\t\t<div class=\"elementor-container elementor-column-gap-default\">\n\t\t\t\t\t<div class=\"elementor-column elementor-col-50 elementor-top-column elementor-element elementor-element-ea0a8c9 elementor-invisible\" data-id=\"ea0a8c9\" data-element_type=\"column\" data-settings=\"{&quot;animation&quot;:&quot;fadeIn&quot;,&quot;animation_delay&quot;:300}\">\n\t\t\t<div class=\"elementor-widget-wrap elementor-element-populated\">\n\t\t\t\t\t\t\t\t<div class=\"elementor-element elementor-element-eef2654 elementor-widget elementor-widget-heading\" data-id=\"eef2654\" data-element_type=\"widget\" id=\"Lein\u00f6l\" data-widget_type=\"heading.default\">\n\t\t\t\t<div class=\"elementor-widget-container\">\n\t\t\t<h2 class=\"elementor-heading-title elementor-size-default\">Lein\u00f6l:<\/h2>\t\t<\/div>\n\t\t\t\t<\/div>\n\t\t\t\t<div class=\"elementor-element elementor-element-1e478d1 elementor-widget elementor-widget-text-editor\" data-id=\"1e478d1\" data-element_type=\"widget\" data-widget_type=\"text-editor.default\">\n\t\t\t\t<div class=\"elementor-widget-container\">\n\t\t\t\t\t\t\t<p>Im vergangenen Jahr haben wir zum ersten Mal \u00d6llein angebaut und geerntet, so dass wir nun von in Ostholstein produzierter Leinsaat unser gutes Lein\u00f6l pressen k\u00f6nnen. Lein\u00f6l ist ein sehr gesundes \u00d6l, das reich an unges\u00e4ttigten Fetts\u00e4uren ist, welche unseren Stoffwechsel anfeuern. Diese Omega 3 Fetts\u00e4uren sind zu 55 % in Lein\u00f6l enthalten.<br \/>Auch beim Lein\u00f6l haben wir neben der puren Variante eine aromatisierte Variante hergestellt. Mit BioOrangen haben wir ein Orangenlein\u00f6l produziert, welches toll in einer Quarkspeise oder zum morgendlichem M\u00fcsli passt.<\/p>\t\t\t\t\t\t<\/div>\n\t\t\t\t<\/div>\n\t\t\t\t\t<\/div>\n\t\t<\/div>\n\t\t\t\t<div class=\"elementor-column elementor-col-50 elementor-top-column elementor-element elementor-element-0169e44\" data-id=\"0169e44\" data-element_type=\"column\">\n\t\t\t<div class=\"elementor-widget-wrap elementor-element-populated\">\n\t\t\t\t\t\t\t\t<div class=\"elementor-element elementor-element-5762ec4 elementor-invisible elementor-widget elementor-widget-image\" data-id=\"5762ec4\" data-element_type=\"widget\" data-settings=\"{&quot;_animation&quot;:&quot;fadeIn&quot;}\" data-widget_type=\"image.default\">\n\t\t\t\t<div class=\"elementor-widget-container\">\n\t\t\t\t\t\t\t\t\t\t\t\t\t\t\t<img loading=\"lazy\" decoding=\"async\" width=\"720\" height=\"960\" src=\"https:\/\/www.steensens-bauernhof.de\/wp-content\/uploads\/2023\/06\/Lein-Oel.jpg\" class=\"attachment-large size-large\" alt=\"\" srcset=\"https:\/\/www.steensens-bauernhof.de\/wp-content\/uploads\/2023\/06\/Lein-Oel.jpg 720w, https:\/\/www.steensens-bauernhof.de\/wp-content\/uploads\/2023\/06\/Lein-Oel-225x300.jpg 225w\" sizes=\"auto, (max-width: 720px) 100vw, 720px\" style=\"width:100%;height:133.33%;max-width:720px\" \/>\t\t\t\t\t\t\t\t\t\t\t\t\t\t\t<\/div>\n\t\t\t\t<\/div>\n\t\t\t\t\t<\/div>\n\t\t<\/div>\n\t\t\t\t\t\t\t<\/div>\n\t\t<\/section>\n\t\t\t\t<section class=\"elementor-section elementor-top-section elementor-element elementor-element-f3a41a1 elementor-reverse-mobile elementor-section-boxed elementor-section-height-default elementor-section-height-default\" data-id=\"f3a41a1\" data-element_type=\"section\">\n\t\t\t\t\t\t<div class=\"elementor-container elementor-column-gap-default\">\n\t\t\t\t\t<div class=\"elementor-column elementor-col-100 elementor-top-column elementor-element elementor-element-25111b48 elementor-invisible\" data-id=\"25111b48\" data-element_type=\"column\" data-settings=\"{&quot;animation&quot;:&quot;fadeIn&quot;,&quot;animation_delay&quot;:300}\">\n\t\t\t<div class=\"elementor-widget-wrap elementor-element-populated\">\n\t\t\t\t\t\t\t\t<div class=\"elementor-element elementor-element-4626918c elementor-widget elementor-widget-heading\" data-id=\"4626918c\" data-element_type=\"widget\" id=\"Tomatenanbau\" data-widget_type=\"heading.default\">\n\t\t\t\t<div class=\"elementor-widget-container\">\n\t\t\t<h2 class=\"elementor-heading-title elementor-size-default\">Unser pures Raps\u00f6l erhalten Sie bei folgenden Einzelh\u00e4ndlern und Direktvermarktern der Region:<\/h2>\t\t<\/div>\n\t\t\t\t<\/div>\n\t\t\t\t<div class=\"elementor-element elementor-element-134fa21 elementor-widget elementor-widget-text-editor\" data-id=\"134fa21\" data-element_type=\"widget\" data-widget_type=\"text-editor.default\">\n\t\t\t\t<div class=\"elementor-widget-container\">\n\t\t\t\t\t\t\t<div class=\"page\" title=\"Page 1\"><div class=\"section\"><div class=\"layoutArea\"><div class=\"column\"><p>Rewe Haase, Haffkrug<br \/>Rewe Haase, Neustadt<\/p><p>Rewe Osterode, Lensahn<\/p><p>Edeka Jens, Lensahn<br \/>Edeka Jens, Heiligenhafen<br \/>Edeka Jens, Gr\u00f6mitz<\/p><p>Nahkauf Schl\u00fcter, Pelzerhaken<br \/>Nahkauf Schl\u00fcter Kellenhusen<br \/>Nahkauf Schl\u00fcter, Neustadt<\/p><p>Deichladen Stieglitz, Dahme<\/p><p>Hofladen Albert, Altgalendorf<\/p><p>Obsthof Schneekloth, Gr\u00f6mitz<br \/>Genie\u00dferei am Meer, Gr\u00f6mitz<\/p><p>Mudder Holstein, Kellehusen<\/p><p>Mudder Holstein, Gr\u00f6mitz<\/p><p>Raiffeisenmarkt LandLeven, Oldenburg<br \/>Raiffeisenmarkt, Teutendorf<\/p><p>Spargelhof Hay, Kembs<\/p><p>Citti Markt L\u00fcbeck und Kiel<\/p><p>Bauernhofeis Steffen, Ahrensb\u00f6k<\/p><\/div><\/div><\/div><\/div>\t\t\t\t\t\t<\/div>\n\t\t\t\t<\/div>\n\t\t\t\t\t<\/div>\n\t\t<\/div>\n\t\t\t\t\t\t\t<\/div>\n\t\t<\/section>\n\t\t\t\t\t\t<\/div>\n\t\t\t\t\t<\/div>\n\t\t","protected":false},"excerpt":{"rendered":"<p>\u00d6lm\u00fchle Seit Mai 2020 pressen wir in unserer hofeigenen \u00d6lm\u00fchle Raps\u00f6l. Wir verwenden ausschlie\u00dflich Raps, der auf Ostholsteins Feldern produziert wurde. So kam die erste Charge z.B. von unserem Acker in Klostersee, was wir auf dem Etikett jeweils vermerken. Der Raps wird bei uns schonend kaltgepresst und ohne Zus\u00e4tze gefiltert. Durch dieses Verfahren erhalten wir&hellip; <a class=\"more-link\" href=\"https:\/\/www.steensens-bauernhof.de\/index.php\/oelmuehle\/\">Continue reading <span class=\"screen-reader-text\">\u00d6lm\u00fchle<\/span><\/a><\/p>\n","protected":false},"author":1,"featured_media":0,"parent":0,"menu_order":0,"comment_status":"closed","ping_status":"closed","template":"elementor_header_footer","meta":{"inline_featured_image":false,"footnotes":""},"class_list":["post-245","page","type-page","status-publish","hentry","entry"],"_links":{"self":[{"href":"https:\/\/www.steensens-bauernhof.de\/index.php\/wp-json\/wp\/v2\/pages\/245","targetHints":{"allow":["GET"]}}],"collection":[{"href":"https:\/\/www.steensens-bauernhof.de\/index.php\/wp-json\/wp\/v2\/pages"}],"about":[{"href":"https:\/\/www.steensens-bauernhof.de\/index.php\/wp-json\/wp\/v2\/types\/page"}],"author":[{"embeddable":true,"href":"https:\/\/www.steensens-bauernhof.de\/index.php\/wp-json\/wp\/v2\/users\/1"}],"replies":[{"embeddable":true,"href":"https:\/\/www.steensens-bauernhof.de\/index.php\/wp-json\/wp\/v2\/comments?post=245"}],"version-history":[{"count":34,"href":"https:\/\/www.steensens-bauernhof.de\/index.php\/wp-json\/wp\/v2\/pages\/245\/revisions"}],"predecessor-version":[{"id":641,"href":"https:\/\/www.steensens-bauernhof.de\/index.php\/wp-json\/wp\/v2\/pages\/245\/revisions\/641"}],"wp:attachment":[{"href":"https:\/\/www.steensens-bauernhof.de\/index.php\/wp-json\/wp\/v2\/media?parent=245"}],"curies":[{"name":"wp","href":"https:\/\/api.w.org\/{rel}","templated":true}]}}