{"id":343,"date":"2023-06-13T20:43:55","date_gmt":"2023-06-13T18:43:55","guid":{"rendered":"http:\/\/www.steensens-bauernhof.de\/?page_id=343"},"modified":"2023-07-20T18:49:36","modified_gmt":"2023-07-20T16:49:36","slug":"verkauf","status":"publish","type":"page","link":"https:\/\/www.steensens-bauernhof.de\/index.php\/verkauf\/","title":{"rendered":"Verkauf"},"content":{"rendered":"\t\t<div data-elementor-type=\"wp-page\" data-elementor-id=\"343\" class=\"elementor elementor-343\" data-elementor-settings=\"[]\">\n\t\t\t\t\t\t\t<div class=\"elementor-section-wrap\">\n\t\t\t\t\t\t\t<section class=\"elementor-section elementor-top-section elementor-element elementor-element-6ca10ab0 elementor-section-height-min-height elementor-section-content-middle elementor-section-boxed elementor-section-height-default elementor-section-items-middle\" data-id=\"6ca10ab0\" data-element_type=\"section\" data-settings=\"{&quot;background_background&quot;:&quot;classic&quot;}\">\n\t\t\t\t\t\t\t<div class=\"elementor-background-overlay\"><\/div>\n\t\t\t\t\t\t\t<div class=\"elementor-container elementor-column-gap-no\">\n\t\t\t\t\t<div class=\"elementor-column elementor-col-100 elementor-top-column elementor-element elementor-element-4db4186\" data-id=\"4db4186\" data-element_type=\"column\">\n\t\t\t<div class=\"elementor-widget-wrap\">\n\t\t\t\t\t\t\t\t\t<\/div>\n\t\t<\/div>\n\t\t\t\t\t\t\t<\/div>\n\t\t<\/section>\n\t\t\t\t<section class=\"elementor-section elementor-top-section elementor-element elementor-element-23120d55 elementor-reverse-mobile elementor-section-boxed elementor-section-height-default elementor-section-height-default\" data-id=\"23120d55\" data-element_type=\"section\">\n\t\t\t\t\t\t<div class=\"elementor-container elementor-column-gap-default\">\n\t\t\t\t\t<div class=\"elementor-column elementor-col-50 elementor-top-column elementor-element elementor-element-27e7b17d\" data-id=\"27e7b17d\" data-element_type=\"column\">\n\t\t\t<div class=\"elementor-widget-wrap elementor-element-populated\">\n\t\t\t\t\t\t\t\t<div class=\"elementor-element elementor-element-b2a2e48 elementor-widget elementor-widget-image\" data-id=\"b2a2e48\" data-element_type=\"widget\" data-widget_type=\"image.default\">\n\t\t\t\t<div class=\"elementor-widget-container\">\n\t\t\t<style>\/*! elementor - v3.5.5 - 03-02-2022 *\/\n.elementor-widget-image{text-align:center}.elementor-widget-image a{display:inline-block}.elementor-widget-image a img[src$=\".svg\"]{width:48px}.elementor-widget-image img{vertical-align:middle;display:inline-block}<\/style>\t\t\t\t\t\t\t\t\t\t\t\t<img loading=\"lazy\" decoding=\"async\" width=\"750\" height=\"1000\" src=\"https:\/\/www.steensens-bauernhof.de\/wp-content\/uploads\/2023\/06\/Regiomat-Manhagenerfelde-768x1024.jpg\" class=\"attachment-large size-large\" alt=\"\" srcset=\"https:\/\/www.steensens-bauernhof.de\/wp-content\/uploads\/2023\/06\/Regiomat-Manhagenerfelde-768x1024.jpg 768w, https:\/\/www.steensens-bauernhof.de\/wp-content\/uploads\/2023\/06\/Regiomat-Manhagenerfelde-225x300.jpg 225w, https:\/\/www.steensens-bauernhof.de\/wp-content\/uploads\/2023\/06\/Regiomat-Manhagenerfelde.jpg 920w\" sizes=\"auto, (max-width: 750px) 100vw, 750px\" style=\"width:100%;height:133.37%;max-width:920px\" \/>\t\t\t\t\t\t\t\t\t\t\t\t\t\t\t<\/div>\n\t\t\t\t<\/div>\n\t\t\t\t\t<\/div>\n\t\t<\/div>\n\t\t\t\t<div class=\"elementor-column elementor-col-50 elementor-top-column elementor-element elementor-element-32bd570c elementor-invisible\" data-id=\"32bd570c\" data-element_type=\"column\" data-settings=\"{&quot;animation&quot;:&quot;fadeIn&quot;,&quot;animation_delay&quot;:300}\">\n\t\t\t<div class=\"elementor-widget-wrap elementor-element-populated\">\n\t\t\t\t\t\t\t\t<div class=\"elementor-element elementor-element-550ef3ba elementor-widget elementor-widget-heading\" data-id=\"550ef3ba\" data-element_type=\"widget\" id=\"Tomatenanbau\" data-widget_type=\"heading.default\">\n\t\t\t\t<div class=\"elementor-widget-container\">\n\t\t\t<style>\/*! elementor - v3.5.5 - 03-02-2022 *\/\n.elementor-heading-title{padding:0;margin:0;line-height:1}.elementor-widget-heading .elementor-heading-title[class*=elementor-size-]>a{color:inherit;font-size:inherit;line-height:inherit}.elementor-widget-heading .elementor-heading-title.elementor-size-small{font-size:15px}.elementor-widget-heading .elementor-heading-title.elementor-size-medium{font-size:19px}.elementor-widget-heading .elementor-heading-title.elementor-size-large{font-size:29px}.elementor-widget-heading .elementor-heading-title.elementor-size-xl{font-size:39px}.elementor-widget-heading .elementor-heading-title.elementor-size-xxl{font-size:59px}<\/style><h2 class=\"elementor-heading-title elementor-size-default\">Verkauf<\/h2>\t\t<\/div>\n\t\t\t\t<\/div>\n\t\t\t\t<div class=\"elementor-element elementor-element-1b080867 elementor-widget elementor-widget-text-editor\" data-id=\"1b080867\" data-element_type=\"widget\" data-widget_type=\"text-editor.default\">\n\t\t\t\t<div class=\"elementor-widget-container\">\n\t\t\t<style>\/*! elementor - v3.5.5 - 03-02-2022 *\/\n.elementor-widget-text-editor.elementor-drop-cap-view-stacked .elementor-drop-cap{background-color:#818a91;color:#fff}.elementor-widget-text-editor.elementor-drop-cap-view-framed .elementor-drop-cap{color:#818a91;border:3px solid;background-color:transparent}.elementor-widget-text-editor:not(.elementor-drop-cap-view-default) .elementor-drop-cap{margin-top:8px}.elementor-widget-text-editor:not(.elementor-drop-cap-view-default) .elementor-drop-cap-letter{width:1em;height:1em}.elementor-widget-text-editor .elementor-drop-cap{float:left;text-align:center;line-height:1;font-size:50px}.elementor-widget-text-editor .elementor-drop-cap-letter{display:inline-block}<\/style>\t\t\t\t\u00dcber unsere Regiomaten in R\u00fcting und Manhagenerfelde k\u00f6nnen Sie 24\/7 unsere Produkte und in der Saison von Juni bis November frische Tomaten, Gurken usw. erwerben\n\nUnser Hofl\u00e4dchen \u00f6ffnet ab Anfang Juni bis Mitte Oktober 2 x die Woche (Dienstag und Freitag)<span class=\"Apple-converted-space\">\u00a0 <\/span>\nvon 10.00 &#8211; 17.00 Uhr in Manhagenerfelde 13, 23738 Manhagen.<span class=\"Apple-converted-space\">\u00a0<\/span>\n<br><br>\nDes weiteren stehen wir mit unserem Bulli mit Verkaufstand in der Saison von Juli bis Ende August bei Edeka Weinberg in Grube auf dem Parkplatz. Die genauen Zeiten entnehmen Sie unserer Seite <a href=\"http:\/\/www.steensens-bauernhof.de\/index.php\/aktuelles\/\"><b>Aktuelles<\/b><\/a>.\n<br><br>\nBei folgenden Verkaufstellen der Region erhalten sie unsere Tomaten und Gurken:\n<br><br>\nHofladen Albert in Altgalendorf\nDeichladen Campingplatz Stieglitz\nVerkaufstand Heidenreich in Gr\u00f6nwoldhorst\nObsthof Schneekloth in Gr\u00f6mitz\nMudder Holstein in Kellenhusen\nMudder Holstein in Gr\u00f6mitz\nREWE Markt Osterrode in Lensahn\nLindenhof in Techau\t\t\t\t\t\t<\/div>\n\t\t\t\t<\/div>\n\t\t\t\t<div class=\"elementor-element elementor-element-fe7bfcb elementor-widget elementor-widget-image\" data-id=\"fe7bfcb\" data-element_type=\"widget\" data-widget_type=\"image.default\">\n\t\t\t\t<div class=\"elementor-widget-container\">\n\t\t\t\t\t\t\t\t\t\t\t\t\t\t\t<img loading=\"lazy\" decoding=\"async\" width=\"750\" height=\"563\" src=\"https:\/\/www.steensens-bauernhof.de\/wp-content\/uploads\/2023\/07\/e1a10786-a0cb-44f5-9398-bbf9951ecd80.jpg\" class=\"attachment-large size-large\" alt=\"\" srcset=\"https:\/\/www.steensens-bauernhof.de\/wp-content\/uploads\/2023\/07\/e1a10786-a0cb-44f5-9398-bbf9951ecd80.jpg 1024w, https:\/\/www.steensens-bauernhof.de\/wp-content\/uploads\/2023\/07\/e1a10786-a0cb-44f5-9398-bbf9951ecd80-300x225.jpg 300w, https:\/\/www.steensens-bauernhof.de\/wp-content\/uploads\/2023\/07\/e1a10786-a0cb-44f5-9398-bbf9951ecd80-768x576.jpg 768w\" sizes=\"auto, (max-width: 750px) 100vw, 750px\" style=\"width:100%;height:75%;max-width:1024px\" \/>\t\t\t\t\t\t\t\t\t\t\t\t\t\t\t<\/div>\n\t\t\t\t<\/div>\n\t\t\t\t<div class=\"elementor-element elementor-element-890cece elementor-widget elementor-widget-text-editor\" data-id=\"890cece\" data-element_type=\"widget\" data-widget_type=\"text-editor.default\">\n\t\t\t\t<div class=\"elementor-widget-container\">\n\t\t\t\t\t\t\t<p>Verkaufsstand in Grube<\/p>\t\t\t\t\t\t<\/div>\n\t\t\t\t<\/div>\n\t\t\t\t\t<\/div>\n\t\t<\/div>\n\t\t\t\t\t\t\t<\/div>\n\t\t<\/section>\n\t\t\t\t<section class=\"elementor-section elementor-top-section elementor-element elementor-element-a86cb4d elementor-reverse-mobile elementor-section-boxed elementor-section-height-default elementor-section-height-default\" data-id=\"a86cb4d\" data-element_type=\"section\">\n\t\t\t\t\t\t<div class=\"elementor-container elementor-column-gap-default\">\n\t\t\t\t\t<div class=\"elementor-column elementor-col-50 elementor-top-column elementor-element elementor-element-cc88a18 elementor-invisible\" data-id=\"cc88a18\" data-element_type=\"column\" data-settings=\"{&quot;animation&quot;:&quot;fadeIn&quot;,&quot;animation_delay&quot;:300}\">\n\t\t\t<div class=\"elementor-widget-wrap elementor-element-populated\">\n\t\t\t\t\t\t\t\t<div class=\"elementor-element elementor-element-cc7dcba elementor-widget elementor-widget-image\" data-id=\"cc7dcba\" data-element_type=\"widget\" data-widget_type=\"image.default\">\n\t\t\t\t<div class=\"elementor-widget-container\">\n\t\t\t\t\t\t\t\t\t\t\t\t\t\t\t<img loading=\"lazy\" decoding=\"async\" width=\"750\" height=\"556\" src=\"https:\/\/www.steensens-bauernhof.de\/wp-content\/uploads\/2023\/06\/Hofladen-1-1024x759.jpg\" class=\"attachment-large size-large\" alt=\"\" srcset=\"https:\/\/www.steensens-bauernhof.de\/wp-content\/uploads\/2023\/06\/Hofladen-1-1024x759.jpg 1024w, https:\/\/www.steensens-bauernhof.de\/wp-content\/uploads\/2023\/06\/Hofladen-1-300x222.jpg 300w, https:\/\/www.steensens-bauernhof.de\/wp-content\/uploads\/2023\/06\/Hofladen-1-768x569.jpg 768w, https:\/\/www.steensens-bauernhof.de\/wp-content\/uploads\/2023\/06\/Hofladen-1.jpg 1280w\" sizes=\"auto, (max-width: 750px) 100vw, 750px\" style=\"width:100%;height:74.14%;max-width:1280px\" \/>\t\t\t\t\t\t\t\t\t\t\t\t\t\t\t<\/div>\n\t\t\t\t<\/div>\n\t\t\t\t\t<\/div>\n\t\t<\/div>\n\t\t\t\t<div class=\"elementor-column elementor-col-50 elementor-top-column elementor-element elementor-element-496e738\" data-id=\"496e738\" data-element_type=\"column\">\n\t\t\t<div class=\"elementor-widget-wrap elementor-element-populated\">\n\t\t\t\t\t\t\t\t<div class=\"elementor-element elementor-element-0fc7126 elementor-widget elementor-widget-image\" data-id=\"0fc7126\" data-element_type=\"widget\" data-widget_type=\"image.default\">\n\t\t\t\t<div class=\"elementor-widget-container\">\n\t\t\t\t\t\t\t\t\t\t\t\t\t\t\t<img loading=\"lazy\" decoding=\"async\" width=\"750\" height=\"1000\" src=\"https:\/\/www.steensens-bauernhof.de\/wp-content\/uploads\/2023\/06\/Hofladen-768x1024.jpg\" class=\"attachment-large size-large\" alt=\"\" srcset=\"https:\/\/www.steensens-bauernhof.de\/wp-content\/uploads\/2023\/06\/Hofladen-768x1024.jpg 768w, https:\/\/www.steensens-bauernhof.de\/wp-content\/uploads\/2023\/06\/Hofladen-225x300.jpg 225w, https:\/\/www.steensens-bauernhof.de\/wp-content\/uploads\/2023\/06\/Hofladen.jpg 920w\" sizes=\"auto, (max-width: 750px) 100vw, 750px\" style=\"width:100%;height:133.37%;max-width:920px\" \/>\t\t\t\t\t\t\t\t\t\t\t\t\t\t\t<\/div>\n\t\t\t\t<\/div>\n\t\t\t\t\t<\/div>\n\t\t<\/div>\n\t\t\t\t\t\t\t<\/div>\n\t\t<\/section>\n\t\t\t\t\t\t<\/div>\n\t\t\t\t\t<\/div>\n\t\t","protected":false},"excerpt":{"rendered":"<p>Verkauf \u00dcber unsere Regiomaten in R\u00fcting und Manhagenerfelde k\u00f6nnen Sie 24\/7 unsere Produkte und in der Saison von Juni bis November frische Tomaten, Gurken usw. erwerben Unser Hofl\u00e4dchen \u00f6ffnet ab Anfang Juni bis Mitte Oktober 2 x die Woche (Dienstag und Freitag)\u00a0 von 10.00 &#8211; 17.00 Uhr in Manhagenerfelde 13, 23738 Manhagen.\u00a0 Des weiteren stehen&hellip; <a class=\"more-link\" href=\"https:\/\/www.steensens-bauernhof.de\/index.php\/verkauf\/\">Continue reading <span class=\"screen-reader-text\">Verkauf<\/span><\/a><\/p>\n","protected":false},"author":1,"featured_media":0,"parent":0,"menu_order":0,"comment_status":"closed","ping_status":"closed","template":"elementor_header_footer","meta":{"inline_featured_image":false,"footnotes":""},"class_list":["post-343","page","type-page","status-publish","hentry","entry"],"_links":{"self":[{"href":"https:\/\/www.steensens-bauernhof.de\/index.php\/wp-json\/wp\/v2\/pages\/343","targetHints":{"allow":["GET"]}}],"collection":[{"href":"https:\/\/www.steensens-bauernhof.de\/index.php\/wp-json\/wp\/v2\/pages"}],"about":[{"href":"https:\/\/www.steensens-bauernhof.de\/index.php\/wp-json\/wp\/v2\/types\/page"}],"author":[{"embeddable":true,"href":"https:\/\/www.steensens-bauernhof.de\/index.php\/wp-json\/wp\/v2\/users\/1"}],"replies":[{"embeddable":true,"href":"https:\/\/www.steensens-bauernhof.de\/index.php\/wp-json\/wp\/v2\/comments?post=343"}],"version-history":[{"count":19,"href":"https:\/\/www.steensens-bauernhof.de\/index.php\/wp-json\/wp\/v2\/pages\/343\/revisions"}],"predecessor-version":[{"id":726,"href":"https:\/\/www.steensens-bauernhof.de\/index.php\/wp-json\/wp\/v2\/pages\/343\/revisions\/726"}],"wp:attachment":[{"href":"https:\/\/www.steensens-bauernhof.de\/index.php\/wp-json\/wp\/v2\/media?parent=343"}],"curies":[{"name":"wp","href":"https:\/\/api.w.org\/{rel}","templated":true}]}}